{"id":321,"date":"2024-04-05T21:30:47","date_gmt":"2024-04-05T19:30:47","guid":{"rendered":"http:\/\/localhost:88\/public_html\/?page_id=321"},"modified":"2026-04-15T16:52:11","modified_gmt":"2026-04-15T20:52:11","slug":"breve-historia-o-resena-sobre-la-creacion-y-evolucion-de-la-entidad","status":"publish","type":"page","link":"https:\/\/www.viasbolivia.gob.bo\/index.php\/breve-historia-o-resena-sobre-la-creacion-y-evolucion-de-la-entidad\/","title":{"rendered":"Rese\u00f1a Hist\u00f3rica"},"content":{"rendered":"\t\t<div data-elementor-type=\"wp-page\" data-elementor-id=\"321\" class=\"elementor elementor-321\">\n\t\t\t\t<div class=\"elementor-element elementor-element-645d910 e-flex e-con-boxed e-con e-parent\" data-id=\"645d910\" data-element_type=\"container\">\n\t\t\t\t\t<div class=\"e-con-inner\">\n\t\t\t\t<div class=\"elementor-element elementor-element-a0b3d3e elementor-widget elementor-widget-image\" data-id=\"a0b3d3e\" data-element_type=\"widget\" data-widget_type=\"image.default\">\n\t\t\t\t<div class=\"elementor-widget-container\">\n\t\t\t<style>\/*! elementor - v3.23.0 - 05-08-2024 *\/\n.elementor-widget-image{text-align:center}.elementor-widget-image a{display:inline-block}.elementor-widget-image a img[src$=\".svg\"]{width:48px}.elementor-widget-image img{vertical-align:middle;display:inline-block}<\/style>\t\t\t\t\t\t\t\t\t\t<img fetchpriority=\"high\" decoding=\"async\" width=\"1024\" height=\"461\" src=\"https:\/\/www.viasbolivia.gob.bo\/wp-content\/uploads\/2026\/04\/caracollo-1-1024x461.png\" class=\"attachment-large size-large wp-image-56374\" alt=\"\" srcset=\"https:\/\/www.viasbolivia.gob.bo\/wp-content\/uploads\/2026\/04\/caracollo-1-1024x461.png 1024w, https:\/\/www.viasbolivia.gob.bo\/wp-content\/uploads\/2026\/04\/caracollo-1-300x135.png 300w, https:\/\/www.viasbolivia.gob.bo\/wp-content\/uploads\/2026\/04\/caracollo-1-768x346.png 768w, https:\/\/www.viasbolivia.gob.bo\/wp-content\/uploads\/2026\/04\/caracollo-1-1536x692.png 1536w, https:\/\/www.viasbolivia.gob.bo\/wp-content\/uploads\/2026\/04\/caracollo-1-2048x923.png 2048w\" sizes=\"(max-width: 1024px) 100vw, 1024px\" \/>\t\t\t\t\t\t\t\t\t\t\t\t\t<\/div>\n\t\t\t\t<\/div>\n\t\t\t\t\t<\/div>\n\t\t\t\t<\/div>\n\t\t<div class=\"elementor-element elementor-element-25b26849 e-flex e-con-boxed e-con e-parent\" data-id=\"25b26849\" data-element_type=\"container\">\n\t\t\t\t\t<div class=\"e-con-inner\">\n\t\t\t\t<div class=\"elementor-element elementor-element-3aa34a1 elementor-widget elementor-widget-text-editor\" data-id=\"3aa34a1\" data-element_type=\"widget\" data-widget_type=\"text-editor.default\">\n\t\t\t\t<div class=\"elementor-widget-container\">\n\t\t\t<style>\/*! elementor - v3.23.0 - 05-08-2024 *\/\n.elementor-widget-text-editor.elementor-drop-cap-view-stacked .elementor-drop-cap{background-color:#69727d;color:#fff}.elementor-widget-text-editor.elementor-drop-cap-view-framed .elementor-drop-cap{color:#69727d;border:3px solid;background-color:transparent}.elementor-widget-text-editor:not(.elementor-drop-cap-view-default) .elementor-drop-cap{margin-top:8px}.elementor-widget-text-editor:not(.elementor-drop-cap-view-default) .elementor-drop-cap-letter{width:1em;height:1em}.elementor-widget-text-editor .elementor-drop-cap{float:left;text-align:center;line-height:1;font-size:50px}.elementor-widget-text-editor .elementor-drop-cap-letter{display:inline-block}<\/style>\t\t\t\t<p>V\u00edas Bolivia es una entidad p\u00fablica descentralizada, creada mediante el\u00a0<strong>Decreto Supremo N.\u00ba 28948<\/strong>\u00a0del\u00a0<strong>25 de noviembre de 2006<\/strong>, en el marco del\u00a0<strong>Plan Nacional de Desarrollo<\/strong>, como parte de las reformas estructurales impulsadas por el Gobierno Nacional. Su principal objetivo es administrar de forma directa los peajes, pesajes, control de pesos y dimensiones en la\u00a0<strong>Red Vial Fundamental<\/strong>\u00a0del pa\u00eds, contribuyendo as\u00ed a una gesti\u00f3n m\u00e1s eficiente, transparente y con enfoque t\u00e9cnico, jur\u00eddico, administrativo y econ\u00f3mico.<\/p>\n<p>Las operaciones de V\u00edas Bolivia iniciaron en el\u00a0<strong>departamento de Potos\u00ed en febrero de 2007<\/strong>, mediante la recuperaci\u00f3n de la concesi\u00f3n otorgada a Tr\u00f3pico Vial S.A. A partir de ese momento, se fueron incorporando progresivamente otras estaciones de peaje en los departamentos de\u00a0<strong>Santa Cruz, Beni y Pando<\/strong>, adem\u00e1s de asumir el control de la empresa Cono Sur.<\/p>\n<p>En\u00a0<strong>agosto de 2008<\/strong>, la entidad asumi\u00f3 la administraci\u00f3n de los retenes en\u00a0<strong>Cochabamba, Chuquisaca y Tarija<\/strong>, consolidando su presencia a nivel nacional en\u00a0<strong>septiembre del mismo a\u00f1o<\/strong>\u00a0con la incorporaci\u00f3n de los retenes de\u00a0<strong>Oruro y La Paz<\/strong>.<\/p>\n<p>Uno de los hitos m\u00e1s importantes en ha sido la\u00a0<strong>recuperaci\u00f3n del 36.61% de los recursos provenientes del cobro de peaje<\/strong>, gracias a una reducci\u00f3n significativa de las p\u00e9rdidas econ\u00f3micas por evasi\u00f3n, que se estimaban en hasta un\u00a0<strong>40%<\/strong>\u00a0antes de 2010. Adem\u00e1s, V\u00edas Bolivia ha contribuido a la generaci\u00f3n de empleo, con la\u00a0<strong>creaci\u00f3n de 862 fuentes laborales<\/strong>\u00a0a nivel nacional.<\/p>\n<p>La normativa que regula su funcionamiento fue reforzada con el\u00a0<strong>Decreto Supremo N.\u00ba 4799 del 28 de septiembre de 2022<\/strong>, que introdujo importantes modificaciones al Decreto Supremo original, con la finalidad de mejorar la prestaci\u00f3n del servicio. Entre ellas, destaca la modificaci\u00f3n del\u00a0<strong>Art\u00edculo 4.\u00ba<\/strong>\u00a0sobre el financiamiento de la entidad, estableciendo que V\u00edas Bolivia se financiar\u00e1 con el\u00a0<strong>17% de la recaudaci\u00f3n bruta del cobro de peaje y pesaje<\/strong>, entre otros recursos. Asimismo, se autoriz\u00f3 la creaci\u00f3n, eliminaci\u00f3n y reubicaci\u00f3n de estaciones de peaje y pesaje, adem\u00e1s \u00a0automatizar el cobro de peaje y control de pesos y dimensiones en las estaciones de la Red Vial Fundamental<\/p>\n<p>De esta forma, V\u00edas Bolivia ha evolucionado hasta consolidarse como una entidad clave en la gesti\u00f3n vial del pa\u00eds, fortaleciendo el control, la recaudaci\u00f3n y la administraci\u00f3n eficiente de los recursos destinados al mantenimiento de la infraestructura caminera nacional.<\/p>\t\t\t\t\t\t<\/div>\n\t\t\t\t<\/div>\n\t\t\t\t\t<\/div>\n\t\t\t\t<\/div>\n\t\t<div class=\"elementor-element elementor-element-1f3e4aa e-flex e-con-boxed e-con e-parent\" data-id=\"1f3e4aa\" data-element_type=\"container\">\n\t\t\t\t\t<div class=\"e-con-inner\">\n\t\t\t\t<div class=\"elementor-element elementor-element-18dcc17 elementor-widget elementor-widget-image\" data-id=\"18dcc17\" data-element_type=\"widget\" data-widget_type=\"image.default\">\n\t\t\t\t<div class=\"elementor-widget-container\">\n\t\t\t\t\t\t\t\t\t\t\t\t\t<img decoding=\"async\" width=\"300\" height=\"104\" src=\"https:\/\/www.viasbolivia.gob.bo\/wp-content\/uploads\/2026\/02\/LOGO-HORIZONTAL-DOBLE-FILA-300x104.png\" class=\"attachment-medium size-medium wp-image-52928\" alt=\"\" srcset=\"https:\/\/www.viasbolivia.gob.bo\/wp-content\/uploads\/2026\/02\/LOGO-HORIZONTAL-DOBLE-FILA-300x104.png 300w, https:\/\/www.viasbolivia.gob.bo\/wp-content\/uploads\/2026\/02\/LOGO-HORIZONTAL-DOBLE-FILA-1024x354.png 1024w, https:\/\/www.viasbolivia.gob.bo\/wp-content\/uploads\/2026\/02\/LOGO-HORIZONTAL-DOBLE-FILA-768x266.png 768w, https:\/\/www.viasbolivia.gob.bo\/wp-content\/uploads\/2026\/02\/LOGO-HORIZONTAL-DOBLE-FILA-1536x531.png 1536w, https:\/\/www.viasbolivia.gob.bo\/wp-content\/uploads\/2026\/02\/LOGO-HORIZONTAL-DOBLE-FILA-2048x708.png 2048w\" sizes=\"(max-width: 300px) 100vw, 300px\" \/>\t\t\t\t\t\t\t\t\t\t\t\t\t<\/div>\n\t\t\t\t<\/div>\n\t\t\t\t\t<\/div>\n\t\t\t\t<\/div>\n\t\t\t\t<\/div>\n\t\t","protected":false},"excerpt":{"rendered":"<p>V\u00edas Bolivia es una entidad p\u00fablica descentralizada, creada mediante el\u00a0Decreto Supremo N.\u00ba 28948\u00a0del\u00a025 de noviembre de 2006, en el marco del\u00a0Plan Nacional de Desarrollo, como parte de las reformas estructurales impulsadas por el Gobierno Nacional. Su principal objetivo es administrar de forma directa los peajes, pesajes, control de pesos y dimensiones en la\u00a0Red Vial Fundamental\u00a0del [&hellip;]<\/p>\n","protected":false},"author":1,"featured_media":16967,"parent":0,"menu_order":0,"comment_status":"closed","ping_status":"closed","template":"","meta":{"_acf_changed":false,"footnotes":""},"class_list":["post-321","page","type-page","status-publish","has-post-thumbnail","hentry"],"acf":[],"_links":{"self":[{"href":"https:\/\/www.viasbolivia.gob.bo\/index.php\/wp-json\/wp\/v2\/pages\/321","targetHints":{"allow":["GET"]}}],"collection":[{"href":"https:\/\/www.viasbolivia.gob.bo\/index.php\/wp-json\/wp\/v2\/pages"}],"about":[{"href":"https:\/\/www.viasbolivia.gob.bo\/index.php\/wp-json\/wp\/v2\/types\/page"}],"author":[{"embeddable":true,"href":"https:\/\/www.viasbolivia.gob.bo\/index.php\/wp-json\/wp\/v2\/users\/1"}],"replies":[{"embeddable":true,"href":"https:\/\/www.viasbolivia.gob.bo\/index.php\/wp-json\/wp\/v2\/comments?post=321"}],"version-history":[{"count":36,"href":"https:\/\/www.viasbolivia.gob.bo\/index.php\/wp-json\/wp\/v2\/pages\/321\/revisions"}],"predecessor-version":[{"id":56398,"href":"https:\/\/www.viasbolivia.gob.bo\/index.php\/wp-json\/wp\/v2\/pages\/321\/revisions\/56398"}],"wp:featuredmedia":[{"embeddable":true,"href":"https:\/\/www.viasbolivia.gob.bo\/index.php\/wp-json\/wp\/v2\/media\/16967"}],"wp:attachment":[{"href":"https:\/\/www.viasbolivia.gob.bo\/index.php\/wp-json\/wp\/v2\/media?parent=321"}],"curies":[{"name":"wp","href":"https:\/\/api.w.org\/{rel}","templated":true}]}}